{"id":7,"date":"2023-07-31T17:00:56","date_gmt":"2023-07-31T17:00:56","guid":{"rendered":"https:\/\/bobstudio.vn\/?page_id=7"},"modified":"2025-09-23T15:15:41","modified_gmt":"2025-09-23T15:15:41","slug":"trang-chu","status":"publish","type":"page","link":"https:\/\/dinhnhatprod.com\/","title":{"rendered":"TRANG CH\u1ee6"},"content":{"rendered":"\n<div class=\"slider-wrapper relative\" id=\"slider-1140231032\" style=\"background-color:rgb(0, 0, 0);\">\n    <div class=\"slider slider-nav-circle slider-nav-large slider-nav-light slider-style-normal\"\n        data-flickity-options='{\n            \"cellAlign\": \"center\",\n            \"imagesLoaded\": true,\n            \"lazyLoad\": 1,\n            \"freeScroll\": false,\n            \"wrapAround\": true,\n            \"autoPlay\": 6000,\n            \"pauseAutoPlayOnHover\" : true,\n            \"prevNextButtons\": true,\n            \"contain\" : true,\n            \"adaptiveHeight\" : true,\n            \"dragThreshold\" : 10,\n            \"percentPosition\": true,\n            \"pageDots\": true,\n            \"rightToLeft\": false,\n            \"draggable\": true,\n            \"selectedAttraction\": 0.1,\n            \"parallax\" : 0,\n            \"friction\": 0.6        }'\n        >\n        \n\n\n  <div class=\"banner has-hover is-full-height has-slide-effect slide-zoom-in\" id=\"banner-1059653178\">\n          <div class=\"banner-inner fill\">\n        <div class=\"banner-bg fill\" >\n            <div class=\"bg fill bg-fill \"><\/div>\n                        <div class=\"overlay\"><\/div>            \n                    <\/div>\n        <div class=\"banner-layers container\">\n            <div class=\"fill banner-link\"><\/div>            \n\n   <div id=\"text-box-1814446275\" class=\"text-box banner-layer x50 md-x50 lg-x50 y50 md-y50 lg-y50 res-text\">\n              <div data-parallax=\"2\" data-parallax-fade=\"true\">       <div data-animate=\"fadeInUp\">           <div class=\"text-box-content text dark\">\n              \n              <div class=\"text-inner text-center\">\n                  \n\n<h2 class=\"uppercase\"><span style=\"font-size: 160%;\">H\u00d2A \u00c2M PH\u1ed0I KH\u00cd<\/span><\/h2>\n<p class=\"lead\">H\u00f2a \u00e2m ph\u1ed1i kh\u00ed l\u00e0 s\u1ef1 pha tr\u1ed9n \u00e2m thanh, k\u1ebft h\u1ee3p c\u00e1c nh\u1ea1c c\u1ee5 nh\u1eb1m t\u1ea1o ra nh\u1eefng b\u1ea3n Beat \u0111\u1ec3 khi k\u1ebft h\u1ee3p v\u1edbi gi\u1ecdng h\u00e1t c\u1ee7a ca s\u0129 th\u00ec b\u00e0i h\u00e1t s\u1ebd tr\u1edf n\u00ean b\u1eaft tai, h\u1ea5p d\u1eabn v\u00e0 l\u00f4i cu\u1ed1n ng\u01b0\u1eddi nghe.<\/p>\n<a href=\"https:\/\/chat.zalo.me\/\" target=\"_self\" class=\"button white is-outline\"  >\n    <span>Li\u00ean h\u1ec7<\/span>\n  <\/a>\n\n\n<a href=\"https:\/\/dinhnhatprod.com\/?page_id=9\" target=\"_self\" class=\"button white is-outline\"  >\n    <span>chi ti\u1ebft b\u1ea3ng gi\u00e1<\/span>\n  <\/a>\n\n\n\n              <\/div>\n           <\/div>\n       <\/div>       <\/div>              \n<style>\n#text-box-1814446275 {\n  width: 100%;\n}\n#text-box-1814446275 .text-box-content {\n  font-size: 100%;\n}\n@media (min-width:550px) {\n  #text-box-1814446275 {\n    width: 58%;\n  }\n}\n<\/style>\n    <\/div>\n \n\n        <\/div>\n      <\/div>\n\n            \n<style>\n#banner-1059653178 {\n  padding-top: 100%;\n}\n#banner-1059653178 .bg.bg-loaded {\n  background-image: url(https:\/\/dinhnhatprod.com\/wp-content\/uploads\/2025\/09\/z4561203552884_8c0a3ae2aca41dc55fa602a80093a0f3-1024x1024.jpg);\n}\n#banner-1059653178 .overlay {\n  background-color: rgba(0,0,0,.5);\n}\n@media (min-width:550px) {\n  #banner-1059653178 .overlay {\n    background-color: rgba(0, 0, 0, 0.17);\n  }\n}\n<\/style>\n  <\/div>\n\n\n\n  <div class=\"banner has-hover is-full-height has-slide-effect slide-zoom-in\" id=\"banner-518407889\">\n          <div class=\"banner-inner fill\">\n        <div class=\"banner-bg fill\" >\n            <div class=\"bg fill bg-fill \"><\/div>\n                        <div class=\"overlay\"><\/div>            \n            <div class=\"effect-sparkle bg-effect fill no-click\"><\/div>        <\/div>\n        <div class=\"banner-layers container\">\n            <div class=\"fill banner-link\"><\/div>            \n\n   <div id=\"text-box-2051011675\" class=\"text-box banner-layer x0 md-x0 lg-x0 y50 md-y50 lg-y50 res-text\">\n              <div data-parallax=\"3\" data-parallax-fade=\"true\">       <div data-animate=\"fadeInLeft\">           <div class=\"text-box-content text dark\">\n              \n              <div class=\"text-inner text-left\">\n                  \n\n<h2 class=\"uppercase\" style=\"text-align: center;\"><span style=\"font-size: 160%;\">THU \u00c2M<\/span><\/h2>\n<p class=\"lead\" style=\"text-align: center;\">L\u01afU L\u1ea0I B\u00c0I H\u00c1T C\u1ee6A B\u1ea0N 1 C\u00c1CH CHUY\u00caN NGHI\u1ec6P B\u1edeI NH\u1eeeNG THI\u1ebeT B\u1eca HI\u1ec6N \u0110\u1ea0I V\u00c0 CHUY\u00caN NGHI\u1ec6P<\/p>\n<a href=\"https:\/\/dinhnhatprod.com\/?page_id=15\" target=\"_self\" class=\"button white is-outline expand\"  >\n    <span>B\u1ea2NG GI\u00c1<\/span>\n  <\/a>\n\n\n\n              <\/div>\n           <\/div>\n       <\/div>       <\/div>              \n<style>\n#text-box-2051011675 {\n  width: 100%;\n}\n#text-box-2051011675 .text-box-content {\n  font-size: 100%;\n}\n@media (min-width:550px) {\n  #text-box-2051011675 {\n    width: 100%;\n  }\n}\n<\/style>\n    <\/div>\n \n\n        <\/div>\n      <\/div>\n\n            \n<style>\n#banner-518407889 {\n  padding-top: 100%;\n  background-color: rgb(35, 35, 35);\n}\n#banner-518407889 .bg.bg-loaded {\n  background-image: url(https:\/\/dinhnhatprod.com\/wp-content\/uploads\/2025\/09\/308446345_485001680314888_6940302060262831352_n-e1757689538726-683x1024.webp);\n}\n#banner-518407889 .overlay {\n  background-color: rgba(0, 0, 0, 0.17);\n}\n#banner-518407889 .bg {\n  background-position: 34% 80%;\n}\n<\/style>\n  <\/div>\n\n\n\n     <\/div>\n\n     <div class=\"loading-spin dark large centered\"><\/div>\n\n     \t<\/div>\n\n\n<div class=\"row row-collapse row-full-width\"  id=\"row-496433060\">\n\n\n\t<div id=\"col-1589788724\" class=\"col medium-4 small-12 large-4\"  >\n\t\t\t\t<div class=\"col-inner\"  >\n\t\t\t\n\t\t\t\n\n\t<section class=\"section dark\" id=\"section_833326729\">\n\t\t<div class=\"bg section-bg fill bg-fill  \" >\n\n\t\t\t\n\t\t\t<div class=\"section-bg-overlay absolute fill\"><\/div>\n\t\t\t\n\n\t\t<\/div>\n\n\t\t<div class=\"section-content relative\">\n\t\t\t\n\n\n\t\t<div class=\"icon-box featured-box icon-box-center text-center\"  >\n\t\t\t\t<div class=\"icon-box-text last-reset\">\n\t\t\t\t\t\t\t\t\t\n\n<h1 class=\"lead\">THU \u00c2M<\/h1>\n\n\t\t<\/div>\n\t<\/div>\n\t\n\t\n\n\t\t<\/div>\n\n\t\t\n<style>\n#section_833326729 {\n  padding-top: 31px;\n  padding-bottom: 31px;\n  min-height: 243px;\n}\n#section_833326729 .section-bg-overlay {\n  background-color: rgba(0, 0, 0, 0.4);\n}\n#section_833326729 .section-bg.bg-loaded {\n  background-image: url(https:\/\/dinhnhatprod.com\/wp-content\/uploads\/2023\/07\/background-phoi-nhac-wings-production.jpg);\n}\n#section_833326729 .section-bg {\n  background-position: 0% 100%;\n}\n@media (min-width:550px) {\n  #section_833326729 {\n    padding-top: 30px;\n    padding-bottom: 30px;\n    min-height: 300px;\n  }\n}\n<\/style>\n\t<\/section>\n\t\n\n\t\t<\/div>\n\t\t\t\t\t<\/div>\n\n\t\n\n\t<div id=\"col-2099756455\" class=\"col medium-4 small-12 large-4\"  >\n\t\t\t\t<div class=\"col-inner\"  >\n\t\t\t\n\t\t\t\n\n\t<section class=\"section dark\" id=\"section_1092107906\">\n\t\t<div class=\"bg section-bg fill bg-fill  \" >\n\n\t\t\t\n\t\t\t<div class=\"section-bg-overlay absolute fill\"><\/div>\n\t\t\t\n\n\t\t<\/div>\n\n\t\t<div class=\"section-content relative\">\n\t\t\t\n\n\n\t\t<div class=\"icon-box featured-box icon-box-center text-center\"  >\n\t\t\t\t<div class=\"icon-box-text last-reset\">\n\t\t\t\t\t\t\t\t\t\n\n<h1 class=\"lead\">H\u00d2A \u00c2M PH\u1ed0I KH\u00cd<\/h1>\n\n\t\t<\/div>\n\t<\/div>\n\t\n\t\n\n\t\t<\/div>\n\n\t\t\n<style>\n#section_1092107906 {\n  padding-top: 30px;\n  padding-bottom: 30px;\n  min-height: 234px;\n}\n#section_1092107906 .section-bg-overlay {\n  background-color: rgba(0, 0, 0, 0.26);\n}\n#section_1092107906 .section-bg.bg-loaded {\n  background-image: url(https:\/\/dinhnhatprod.com\/wp-content\/uploads\/2023\/07\/308446345_485001680314888_6940302060262831352_n.jpg);\n}\n@media (min-width:550px) {\n  #section_1092107906 {\n    min-height: 300px;\n  }\n}\n<\/style>\n\t<\/section>\n\t\n\n\t\t<\/div>\n\t\t\t\t\t<\/div>\n\n\t\n\n\t<div id=\"col-812691051\" class=\"col medium-4 small-12 large-4\"  >\n\t\t\t\t<div class=\"col-inner\"  >\n\t\t\t\n\t\t\t\n\n\t<section class=\"section dark\" id=\"section_33602365\">\n\t\t<div class=\"bg section-bg fill bg-fill  \" >\n\n\t\t\t\n\t\t\t<div class=\"section-bg-overlay absolute fill\"><\/div>\n\t\t\t\n\n\t\t<\/div>\n\n\t\t<div class=\"section-content relative\">\n\t\t\t\n\n\n\t\t<div class=\"icon-box featured-box icon-box-center text-center\"  >\n\t\t\t\t<div class=\"icon-box-text last-reset\">\n\t\t\t\t\t\t\t\t\t\n\n<h3>QUAY PHIM<\/h3>\n\n\t\t<\/div>\n\t<\/div>\n\t\n\t\n\n\t\t<\/div>\n\n\t\t\n<style>\n#section_33602365 {\n  padding-top: 30px;\n  padding-bottom: 30px;\n  min-height: 225px;\n}\n#section_33602365 .section-bg-overlay {\n  background-color: rgba(0, 0, 0, 0.26);\n}\n#section_33602365 .section-bg.bg-loaded {\n  background-image: url(https:\/\/dinhnhatprod.com\/wp-content\/uploads\/2023\/07\/ekip-san-xuat-03.jpg);\n}\n@media (min-width:550px) {\n  #section_33602365 {\n    min-height: 300px;\n  }\n}\n<\/style>\n\t<\/section>\n\t\n\n\t\t<\/div>\n\t\t\t\t\t<\/div>\n\n\t\n\n<\/div>\n\t<section class=\"section\" id=\"section_1292136078\">\n\t\t<div class=\"bg section-bg fill bg-fill  bg-loaded\" >\n\n\t\t\t\n\t\t\t\n\t\t\t\n\n\t\t<\/div>\n\n\t\t<div class=\"section-content relative\">\n\t\t\t\n\n<div class=\"row align-middle\"  id=\"row-1803589152\">\n\n\n\t<div id=\"col-670831125\" class=\"col index-up medium-12 small-12 large-12\"  >\n\t\t\t\t<div class=\"col-inner\" style=\"background-color:rgb(249, 243, 238);\" >\n\t\t\t\n\t\t\t\n\n\t<div id=\"text-3657382761\" class=\"text\">\n\t\t\n\n<p class=\"lead\" style=\"text-align: center;\">T\u1ea1i STUDIO, ch\u00fang t\u00f4i lu\u00f4n mong mu\u1ed1n s\u1ea3n xu\u1ea5t v\u00e0 \u0111\u01b0a \u0111\u1ebfn cho b\u1ea1n nh\u1eefng s\u1ea3n ph\u1ea9m t\u1ed1t nh\u1ea5t, c\u00f3 gi\u00e1 tr\u1ecb nh\u1ea5t<\/p>\n\t\t\n<style>\n#text-3657382761 {\n  font-size: 1rem;\n}\n<\/style>\n\t<\/div>\n\t\n\n\t\t<\/div>\n\t\t\t\t\n<style>\n#col-670831125 > .col-inner {\n  padding: 30% 15% 10% 15%;\n  margin: -90px 0px 0px 0px;\n}\n@media (min-width:550px) {\n  #col-670831125 > .col-inner {\n    padding: 20% 15% 10% 15%;\n    margin: -115px 0px 0px 0px;\n  }\n}\n@media (min-width:850px) {\n  #col-670831125 > .col-inner {\n    padding: 30% 25% 30% 15%;\n    margin: 0px 0px 0px 50px;\n  }\n}\n<\/style>\n\t<\/div>\n\n\t\n\n\t<div id=\"col-1162801998\" class=\"col medium-12 small-12 large-12 col-divided\"  >\n\t\t\t\t<div class=\"col-inner\"  >\n\t\t\t\n\t\t\t\n\n\t<div id=\"text-2068135870\" class=\"text\">\n\t\t\n\n<h1 class=\"uppercase\" style=\"text-align: center;\"><span style=\"font-size: 75%;\">\u00a0\u0110\u00ecnh NH\u1eacT PROD<\/span><\/h1>\n\t\t\n<style>\n#text-2068135870 {\n  font-size: 1.5rem;\n}\n@media (min-width:550px) {\n  #text-2068135870 {\n    font-size: 2.25rem;\n  }\n}\n<\/style>\n\t<\/div>\n\t\n<h3 class=\"description\" style=\"text-align: center;\"><span style=\"font-size: 75%;\">Chuy\u00ean thu \u00e2m, quay MV, ph\u1ed1i beat, s\u00e1ng t\u00e1c ca kh\u00fac&#8230;d\u00e0nh cho t\u1ea5t c\u1ea3 nh\u1eefng ng\u01b0\u1eddi y\u00eau ca h\u00e1t mu\u1ed1n cover, ca s\u0129 mu\u1ed1n ph\u00e1t h\u00e0nh s\u1ea3n ph\u1ea9m, nh\u1ea1c s\u0129 c\u1ea7n h\u00f2a \u00e2m ph\u1ed1i kh\u00ed, nh\u1ea1c c\u00f4ng c\u1ea7n thu nh\u1ea1c c\u1ee5, c\u00e1 nh\u00e2n doanh nghi\u1ec7p c\u1ea7n s\u00e1ng t\u00e1c b\u00e0i h\u00e1t, MC, ng\u01b0\u1eddi d\u1eabn truy\u1ec7n&#8230;<\/span><\/h3>\n\t<div id=\"gap-572898189\" class=\"gap-element clearfix\" style=\"display:block; height:auto;\">\n\t\t\n<style>\n#gap-572898189 {\n  padding-top: 10px;\n}\n<\/style>\n\t<\/div>\n\t\n\n<a href=\"https:\/\/chat.zalo.me\/\" target=\"_self\" class=\"button alert is-xxsmall expand\"  style=\"padding:5px 30px 5px 30px;\">\n    <span>T\u01af V\u1ea4N<\/span>\n  <\/a>\n\n\n\t<div id=\"gap-559662335\" class=\"gap-element clearfix\" style=\"display:block; height:auto;\">\n\t\t\n<style>\n#gap-559662335 {\n  padding-top: 0px;\n}\n@media (min-width:550px) {\n  #gap-559662335 {\n    padding-top: 30px;\n  }\n}\n<\/style>\n\t<\/div>\n\t\n\n\n\t\t<\/div>\n\t\t\t\t\t<\/div>\n\n\t\n\n<\/div>\n\n\t\t<\/div>\n\n\t\t\n<style>\n#section_1292136078 {\n  padding-top: 50px;\n  padding-bottom: 50px;\n}\n@media (min-width:850px) {\n  #section_1292136078 {\n    padding-top: 80px;\n    padding-bottom: 80px;\n  }\n}\n<\/style>\n\t<\/section>\n\t\n\n","protected":false},"excerpt":{"rendered":"","protected":false},"author":1,"featured_media":0,"parent":0,"menu_order":0,"comment_status":"closed","ping_status":"closed","template":"page-transparent-header-light.php","meta":{"footnotes":""},"class_list":["post-7","page","type-page","status-publish","hentry"],"_links":{"self":[{"href":"https:\/\/dinhnhatprod.com\/index.php?rest_route=\/wp\/v2\/pages\/7","targetHints":{"allow":["GET"]}}],"collection":[{"href":"https:\/\/dinhnhatprod.com\/index.php?rest_route=\/wp\/v2\/pages"}],"about":[{"href":"https:\/\/dinhnhatprod.com\/index.php?rest_route=\/wp\/v2\/types\/page"}],"author":[{"embeddable":true,"href":"https:\/\/dinhnhatprod.com\/index.php?rest_route=\/wp\/v2\/users\/1"}],"replies":[{"embeddable":true,"href":"https:\/\/dinhnhatprod.com\/index.php?rest_route=%2Fwp%2Fv2%2Fcomments&post=7"}],"version-history":[{"count":85,"href":"https:\/\/dinhnhatprod.com\/index.php?rest_route=\/wp\/v2\/pages\/7\/revisions"}],"predecessor-version":[{"id":887,"href":"https:\/\/dinhnhatprod.com\/index.php?rest_route=\/wp\/v2\/pages\/7\/revisions\/887"}],"wp:attachment":[{"href":"https:\/\/dinhnhatprod.com\/index.php?rest_route=%2Fwp%2Fv2%2Fmedia&parent=7"}],"curies":[{"name":"wp","href":"https:\/\/api.w.org\/{rel}","templated":true}]}}