{"id":15,"date":"2023-07-31T17:05:41","date_gmt":"2023-07-31T17:05:41","guid":{"rendered":"https:\/\/bobstudio.vn\/?page_id=15"},"modified":"2025-09-11T08:19:33","modified_gmt":"2025-09-11T08:19:33","slug":"thu-am","status":"publish","type":"page","link":"https:\/\/dinhnhatprod.com\/?page_id=15","title":{"rendered":"THU \u00c2M"},"content":{"rendered":"\n<div class=\"slider-wrapper relative\" id=\"slider-211673178\" >\n    <div class=\"slider slider-nav-simple slider-nav-normal slider-nav-light slider-style-normal slider-show-nav\"\n        data-flickity-options='{\n            \"cellAlign\": \"center\",\n            \"imagesLoaded\": true,\n            \"lazyLoad\": 1,\n            \"freeScroll\": false,\n            \"wrapAround\": false,\n            \"autoPlay\": 6000,\n            \"pauseAutoPlayOnHover\" : true,\n            \"prevNextButtons\": true,\n            \"contain\" : true,\n            \"adaptiveHeight\" : true,\n            \"dragThreshold\" : 10,\n            \"percentPosition\": true,\n            \"pageDots\": false,\n            \"rightToLeft\": false,\n            \"draggable\": true,\n            \"selectedAttraction\": 0.1,\n            \"parallax\" : 2,\n            \"friction\": 0.6        }'\n        >\n        \n\n\n  <div class=\"banner has-hover is-full-height\" id=\"banner-1338859478\">\n          <div class=\"banner-inner fill\">\n        <div class=\"banner-bg fill\" >\n            <div class=\"bg fill bg-fill \"><\/div>\n                        <div class=\"overlay\"><\/div>            \n                    <\/div>\n        <div class=\"banner-layers container\">\n            <div class=\"fill banner-link\"><\/div>            \n\n   <div id=\"text-box-543644827\" class=\"text-box banner-layer x5 md-x5 lg-x5 y80 md-y80 lg-y80 res-text\">\n                                <div class=\"text-box-content text dark\">\n              \n              <div class=\"text-inner text-left\">\n                  \n\n<h2 class=\"uppercase\"><span style=\"font-size: 100%;\"><strong>THU \u00c2M<\/strong><\/span><\/h2>\n<p>L\u01afU L\u1ea0I B\u00c0I H\u00c1T M\u1ed8T C\u00c1CH CHUY\u00caN NGHI\u1ec6P B\u1edeI NH\u1eeeNG THI\u1ebeT B\u1eca HI\u1ec6N \u0110\u1ea0I V\u00c0 CHUY\u00caN NGHI\u1ec6P<\/p>\n\n              <\/div>\n           <\/div>\n                            \n<style>\n#text-box-543644827 {\n  width: 78%;\n}\n#text-box-543644827 .text-box-content {\n  font-size: 125%;\n}\n@media (min-width:550px) {\n  #text-box-543644827 {\n    width: 45%;\n  }\n  #text-box-543644827 .text-box-content {\n    font-size: 100%;\n  }\n}\n<\/style>\n    <\/div>\n \n\n        <\/div>\n      <\/div>\n\n            \n<style>\n#banner-1338859478 {\n  padding-top: 100%;\n}\n#banner-1338859478 .bg.bg-loaded {\n  background-image: url(https:\/\/dinhnhatprod.com\/wp-content\/uploads\/2025\/09\/z4561203551297_5a6bb829500a3f340ee6e22e281de649-1014x1024.jpg);\n}\n#banner-1338859478 .overlay {\n  background-color: rgba(0, 0, 0, 0.17);\n}\n<\/style>\n  <\/div>\n\n\n\n     <\/div>\n\n     <div class=\"loading-spin dark large centered\"><\/div>\n\n     \t<\/div>\n\n\n\t<section class=\"section\" id=\"section_140929039\">\n\t\t<div class=\"bg section-bg fill bg-fill  bg-loaded\" >\n\n\t\t\t\n\t\t\t<div class=\"effect-sparkle bg-effect fill no-click\"><\/div>\n\t\t\t\n\n\t\t<\/div>\n\n\t\t<div class=\"section-content relative\">\n\t\t\t\n\n<h1 style=\"text-align: center;\"><span style=\"font-size: 160%; color: #ed1c24;\">B\u1ea2NG GI\u00c1<\/span><\/h1>\n<p>\u00a0<\/p>\n<div class=\"row row-large align-equal align-center\"  id=\"row-791653358\">\n\n\n\t<div id=\"col-1906063421\" class=\"col medium-9 small-12 large-5\"  >\n\t\t\t\t<div class=\"col-inner\"  >\n\t\t\t\n\t<div class=\"is-border\"\n\t\tstyle=\"border-color:rgb(39, 54, 71);border-width:0px 20px 20px 0px;margin:20px -20px -20px 20px;\">\n\t<\/div>\n\t\t\t\n\n\n\t\t<div class=\"icon-box featured-box icon-box-top text-left\"  >\n\t\t\t\t\t<div class=\"icon-box-img\" style=\"width: 60px\">\n\t\t\t\t<div class=\"icon\">\n\t\t\t\t\t<div class=\"icon-inner\" >\n\t\t\t\t\t\t\t\t\t\t\t<\/div>\n\t\t\t\t<\/div>\n\t\t\t<\/div>\n\t\t\t\t<div class=\"icon-box-text last-reset\">\n\t\t\t\t\t\t\t\t\t\n\n\t<div id=\"text-235078368\" class=\"text\">\n\t\t\n\n<h3 style=\"text-align: center;\"><span style=\"color: #008000;\">CHUY\u00caN NGHI\u1ec6P<\/span><\/h3>\n\t\t\n<style>\n#text-235078368 {\n  font-size: 1.25rem;\n  line-height: 2;\n}\n<\/style>\n\t<\/div>\n\t\n\t<div id=\"gap-392328792\" class=\"gap-element clearfix\" style=\"display:block; height:auto;\">\n\t\t\n<style>\n#gap-392328792 {\n  padding-top: 10px;\n}\n<\/style>\n\t<\/div>\n\t\n\n<ul>\n<li style=\"text-align: center;\">THU \u00c2M V\u1edaI THI\u1ebeT B\u1eca CHUY\u00caN NGHI\u1ec6P<\/li>\n<li style=\"text-align: center;\">60 PH\u00daT<\/li>\n<li style=\"text-align: center;\">THU \u00c2M 1 TRACK CH\u00cdNH KH\u00d4NG B\u00c8<\/li>\n<li style=\"text-align: center;\">MIX MASTER TI\u00caU CHU\u1ea8N<\/li>\n<li style=\"text-align: center;\">TR\u1ea2 B\u00c0I SAU 3 NG\u00c0Y<\/li>\n<\/ul>\n\t<div id=\"gap-311303551\" class=\"gap-element clearfix\" style=\"display:block; height:auto;\">\n\t\t\n<style>\n#gap-311303551 {\n  padding-top: 30px;\n}\n<\/style>\n\t<\/div>\n\t\n\n<a class=\"button secondary is-outline expand\"  style=\"padding:7px 0px 7px 0px;\">\n    <span>600k<\/span>\n  <\/a>\n\n\n\n\t\t<\/div>\n\t<\/div>\n\t\n\t\n\n\t\t<\/div>\n\t\t\t\t\t<\/div>\n\n\t\n\n\t<div id=\"col-1015265606\" class=\"col medium-9 small-12 large-6\"  >\n\t\t\t\t<div class=\"col-inner\"  >\n\t\t\t\n\t<div class=\"is-border\"\n\t\tstyle=\"border-color:rgb(39, 54, 71);border-width:0px 20px 20px 0px;margin:20px -20px -20px 20px;\">\n\t<\/div>\n\t\t\t\n\n\n\t\t<div class=\"icon-box featured-box icon-box-top text-left\"  >\n\t\t\t\t\t<div class=\"icon-box-img\" style=\"width: 60px\">\n\t\t\t\t<div class=\"icon\">\n\t\t\t\t\t<div class=\"icon-inner\" >\n\t\t\t\t\t\t<img decoding=\"async\" width=\"300\" height=\"223\" src=\"https:\/\/dinhnhatprod.com\/wp-content\/uploads\/2023\/08\/360_F_184561505_9Kq80llruobpLidpcgq2oLkcJDfu6sF6-300x223.jpg\" class=\"attachment-medium size-medium\" alt=\"\" srcset=\"https:\/\/dinhnhatprod.com\/wp-content\/uploads\/2023\/08\/360_F_184561505_9Kq80llruobpLidpcgq2oLkcJDfu6sF6-300x223.jpg 300w, https:\/\/dinhnhatprod.com\/wp-content\/uploads\/2023\/08\/360_F_184561505_9Kq80llruobpLidpcgq2oLkcJDfu6sF6.jpg 484w\" sizes=\"(max-width: 300px) 100vw, 300px\" \/>\t\t\t\t\t<\/div>\n\t\t\t\t<\/div>\n\t\t\t<\/div>\n\t\t\t\t<div class=\"icon-box-text last-reset\">\n\t\t\t\t\t\t\t\t\t\n\n\t<div id=\"text-985757124\" class=\"text\">\n\t\t\n\n<h3 style=\"text-align: center;\"><span style=\"color: #008000;\">G\u00d3I VIP<\/span><\/h3>\n\t\t\n<style>\n#text-985757124 {\n  font-size: 1.25rem;\n  line-height: 2;\n}\n<\/style>\n\t<\/div>\n\t\n\t<div id=\"gap-1411472600\" class=\"gap-element clearfix\" style=\"display:block; height:auto;\">\n\t\t\n<style>\n#gap-1411472600 {\n  padding-top: 10px;\n}\n<\/style>\n\t<\/div>\n\t\n\n<ul>\n<li style=\"text-align: center;\">THU \u00c2M V\u1edaI THI\u1ebeT B\u1eca CHUY\u00caN NGHI\u1ec6P<\/li>\n<li style=\"text-align: center;\">60 Ph\u00fat<\/li>\n<li style=\"text-align: center;\">HI\u1ec6U \u1ee8NG MIX N\u00c2NG CAO<\/li>\n<li style=\"text-align: center;\">T\u1ea0O 1 L\u1edaP B\u00c8 CHUY\u00caN NGHI\u1ec6P<\/li>\n<li style=\"text-align: center;\">TH\u00caM NHI\u1ec0U HI\u1ec6U \u1ee8NG DELAY ,FX PH\u00d9 H\u1ee2P S\u00c1NG T\u1ea0O HO\u1eb6C THEO Y\u00caU C\u1ea6U<\/li>\n<li style=\"text-align: center;\">TR\u1ea2 B\u00c0I SAU 4 NG\u00c0Y<\/li>\n<\/ul>\n\t<div id=\"gap-236674113\" class=\"gap-element clearfix\" style=\"display:block; height:auto;\">\n\t\t\n<style>\n#gap-236674113 {\n  padding-top: 30px;\n}\n<\/style>\n\t<\/div>\n\t\n\n<a class=\"button secondary is-outline expand\"  style=\"padding:7px 0px 7px 0px;\">\n    <span>1000k<\/span>\n  <\/a>\n\n\n\n\t\t<\/div>\n\t<\/div>\n\t\n\t\n\n\t\t<\/div>\n\t\t\t\t\t<\/div>\n\n\t\n\n\n<style>\n#row-791653358 > .col > .col-inner {\n  padding: 14% 14% 14% 14%;\n  background-color: rgb(255, 255, 255);\n}\n@media (min-width:550px) {\n  #row-791653358 > .col > .col-inner {\n    padding: 8% 8% 8% 8%;\n  }\n}\n@media (min-width:850px) {\n  #row-791653358 > .col > .col-inner {\n    padding: 14% 14% 14% 14%;\n  }\n}\n<\/style>\n<\/div>\n\n\t\t<\/div>\n\n\t\t\n<style>\n#section_140929039 {\n  padding-top: 9px;\n  padding-bottom: 9px;\n  background-color: rgb(0,0,0);\n}\n@media (min-width:550px) {\n  #section_140929039 {\n    padding-top: 11px;\n    padding-bottom: 11px;\n  }\n}\n@media (min-width:850px) {\n  #section_140929039 {\n    padding-top: 17px;\n    padding-bottom: 17px;\n  }\n}\n<\/style>\n\t<\/section>\n\t\n\t<section class=\"section\" id=\"section_853899743\">\n\t\t<div class=\"bg section-bg fill bg-fill  bg-loaded\" >\n\n\t\t\t\n\t\t\t<div class=\"effect-sparkle bg-effect fill no-click\"><\/div>\n\t\t\t\n\n\t\t<\/div>\n\n\t\t<div class=\"section-content relative\">\n\t\t\t\n\n\t<div id=\"gap-2103349925\" class=\"gap-element clearfix\" style=\"display:block; height:auto;\">\n\t\t\n<style>\n#gap-2103349925 {\n  padding-top: 30px;\n}\n<\/style>\n\t<\/div>\n\t\n\n<div class=\"row row-small align-equal align-center\"  id=\"row-692187753\">\n\n\n\t<div id=\"col-1490363327\" class=\"col medium-11 small-12 large-10\"  >\n\t\t\t\t<div class=\"col-inner\" style=\"background-color:rgb(255,255,255);\" >\n\t\t\t\n\t<div class=\"is-border\"\n\t\tstyle=\"border-radius:15px;border-width:1px 1px 1px 1px;\">\n\t<\/div>\n\t\t\t\n\n\n\t\t<div class=\"icon-box featured-box icon-box-left text-left\"  >\n\t\t\t\t<div class=\"icon-box-text last-reset\">\n\t\t\t\t\t\t\t\t\t\n\n<h3 style=\"text-align: center;\">GHI CH\u00da<\/h3>\n\n\t\t<\/div>\n\t<\/div>\n\t\n\t\n\t<div id=\"gap-121666839\" class=\"gap-element clearfix\" style=\"display:block; height:auto;\">\n\t\t\n<style>\n#gap-121666839 {\n  padding-top: 15px;\n}\n<\/style>\n\t<\/div>\n\t\n\n<p style=\"text-align: center;\">-GI\u00c1 TR\u00caN CH\u1ec8 \u00c1P D\u1ee4NG CHO 1 NG\u01af\u1edcI<\/p>\n<p style=\"text-align: center;\">-SONG CA PH\u1ee4 THU 200K \/ NG\u01af\u1edcI<\/p>\n<p style=\"text-align: center;\">-T\u1ed0P CA PH\u1ee4 THU 150K \/ NG\u01af\u1edcI<\/p>\n\n\t\t<\/div>\n\t\t\t\t\n<style>\n#col-1490363327 > .col-inner {\n  border-radius: 15px;\n}\n<\/style>\n\t<\/div>\n\n\t\n\n\n<style>\n#row-692187753 > .col > .col-inner {\n  padding: 25px 25px 10px 25px;\n  background-color: rgb(255,255,255);\n}\n<\/style>\n<\/div>\n\n\t\t<\/div>\n\n\t\t\n<style>\n#section_853899743 {\n  padding-top: 0px;\n  padding-bottom: 0px;\n  background-color: rgb(0,0,0);\n}\n@media (min-width:550px) {\n  #section_853899743 {\n    padding-top: 0px;\n    padding-bottom: 0px;\n  }\n}\n@media (min-width:850px) {\n  #section_853899743 {\n    padding-top: 0px;\n    padding-bottom: 0px;\n  }\n}\n<\/style>\n\t<\/section>\n\t\n\t<section class=\"section\" id=\"section_1137447531\">\n\t\t<div class=\"bg section-bg fill bg-fill  bg-loaded\" >\n\n\t\t\t\n\t\t\t<div class=\"section-bg-overlay absolute fill\"><\/div>\n\t\t\t\n\n\t\t<\/div>\n\n\t\t<div class=\"section-content relative\">\n\t\t\t\n\n<div class=\"row\"  id=\"row-1108113400\">\n\n\n\t<div id=\"col-1565518482\" class=\"col small-12 large-12\"  >\n\t\t\t\t<div class=\"col-inner\"  >\n\t\t\t\n\t\t\t\n\n\n  <div class=\"banner has-hover\" id=\"banner-2112328423\">\n          <div class=\"banner-inner fill\">\n        <div class=\"banner-bg fill\" >\n            <div class=\"bg fill bg-fill \"><\/div>\n                        <div class=\"overlay\"><\/div>            \n                    <\/div>\n        <div class=\"banner-layers container\">\n            <a class=\"fill\" href=\"https:\/\/www.youtube.com\/watch?v=3-bWiE0B72g\"  ><div class=\"fill banner-link\"><\/div><\/a>            \n\n   <div id=\"text-box-2043189001\" class=\"text-box banner-layer x50 md-x50 lg-x50 y50 md-y50 lg-y50 res-text\">\n                                <div class=\"text-box-content text dark\">\n              \n              <div class=\"text-inner text-center\">\n                  \n\n\t<div id=\"gap-1626060657\" class=\"gap-element clearfix\" style=\"display:block; height:auto;\">\n\t\t\n<style>\n#gap-1626060657 {\n  padding-top: 20px;\n}\n<\/style>\n\t<\/div>\n\t\n\n<h6 style=\"text-align: center;\"><span style=\"background-color: #282828;\"><strong>1 s\u1ed1 s\u1ea3n ph\u1ea9m c\u00f3 l\u01b0\u1ee3t view cao t\u1ea1i BOB<\/strong><\/span><\/h6>\n<h3 class=\"uppercase\" style=\"text-align: center;\"><span style=\"background-color: #282828;\"><strong>XEM TH\u00caM NHI\u1ec0U VIDEO N\u1ed4I B\u1eacT TR\u00caN K\u00caNH YOUTUBE BOB\u00a0<\/strong><\/span><\/h3>\n<div class=\"video-button-wrapper\" style=\"font-size:190%\"><a href=\"https:\/\/www.youtube.com\/watch?v=3-bWiE0B72g\" class=\"button open-video icon circle is-outline is-xlarge\"><i class=\"icon-play\" style=\"font-size:1.5em;\"><\/i><\/a><\/div>\n\n\n              <\/div>\n           <\/div>\n                            \n<style>\n#text-box-2043189001 {\n  width: 97%;\n}\n#text-box-2043189001 .text-box-content {\n  font-size: 100%;\n}\n@media (min-width:550px) {\n  #text-box-2043189001 {\n    width: 100%;\n  }\n}\n@media (min-width:850px) {\n  #text-box-2043189001 {\n    width: 88%;\n  }\n}\n<\/style>\n    <\/div>\n \n\n        <\/div>\n      <\/div>\n\n            \n<style>\n#banner-2112328423 {\n  padding-top: 300px;\n  background-color: rgb(255, 255, 255);\n}\n#banner-2112328423 .bg.bg-loaded {\n  background-image: url(https:\/\/dinhnhatprod.com\/wp-content\/uploads\/2023\/08\/maxresdefault-1024x576.jpg);\n}\n#banner-2112328423 .overlay {\n  background-color: rgba(0, 0, 0, 0.13);\n}\n#banner-2112328423 .bg {\n  background-position: 4% 62%;\n}\n@media (min-width:550px) {\n  #banner-2112328423 {\n    padding-top: 580px;\n  }\n}\n<\/style>\n  <\/div>\n\n\n\n\t\t<\/div>\n\t\t\t\t\t<\/div>\n\n\t\n\n<\/div>\n\n\t\t<\/div>\n\n\t\t\n<style>\n#section_1137447531 {\n  padding-top: 0px;\n  padding-bottom: 0px;\n  background-color: rgb(0,0,0);\n}\n#section_1137447531 .section-bg-overlay {\n  background-color: rgba(0,0,0,.5);\n}\n@media (min-width:550px) {\n  #section_1137447531 {\n    padding-top: 30px;\n    padding-bottom: 30px;\n  }\n}\n<\/style>\n\t<\/section>\n\t\n\n","protected":false},"excerpt":{"rendered":"","protected":false},"author":1,"featured_media":0,"parent":0,"menu_order":0,"comment_status":"closed","ping_status":"closed","template":"page-transparent-header-light.php","meta":{"footnotes":""},"class_list":["post-15","page","type-page","status-publish","hentry"],"_links":{"self":[{"href":"https:\/\/dinhnhatprod.com\/index.php?rest_route=\/wp\/v2\/pages\/15","targetHints":{"allow":["GET"]}}],"collection":[{"href":"https:\/\/dinhnhatprod.com\/index.php?rest_route=\/wp\/v2\/pages"}],"about":[{"href":"https:\/\/dinhnhatprod.com\/index.php?rest_route=\/wp\/v2\/types\/page"}],"author":[{"embeddable":true,"href":"https:\/\/dinhnhatprod.com\/index.php?rest_route=\/wp\/v2\/users\/1"}],"replies":[{"embeddable":true,"href":"https:\/\/dinhnhatprod.com\/index.php?rest_route=%2Fwp%2Fv2%2Fcomments&post=15"}],"version-history":[{"count":54,"href":"https:\/\/dinhnhatprod.com\/index.php?rest_route=\/wp\/v2\/pages\/15\/revisions"}],"predecessor-version":[{"id":678,"href":"https:\/\/dinhnhatprod.com\/index.php?rest_route=\/wp\/v2\/pages\/15\/revisions\/678"}],"wp:attachment":[{"href":"https:\/\/dinhnhatprod.com\/index.php?rest_route=%2Fwp%2Fv2%2Fmedia&parent=15"}],"curies":[{"name":"wp","href":"https:\/\/api.w.org\/{rel}","templated":true}]}}