{"id":107,"date":"2023-08-01T08:59:10","date_gmt":"2023-08-01T08:59:10","guid":{"rendered":"https:\/\/bobstudio.vn\/?page_id=107"},"modified":"2025-09-21T12:58:17","modified_gmt":"2025-09-21T12:58:17","slug":"lien-he","status":"publish","type":"page","link":"https:\/\/dinhnhatprod.com\/?page_id=107","title":{"rendered":"LI\u00caN H\u1ec6"},"content":{"rendered":"\n\t<section class=\"section dark\" id=\"section_1359615637\">\n\t\t<div class=\"bg section-bg fill bg-fill  \" >\n\n\t\t\t\n\t\t\t<div class=\"section-bg-overlay absolute fill\"><\/div>\n\t\t\t\n\n\t\t<\/div>\n\n\t\t<div class=\"section-content relative\">\n\t\t\t\n\n<div class=\"row\" style=\"max-width:1300px\" id=\"row-563971899\">\n\n\n\t<div id=\"col-2014316848\" class=\"col medium-8 small-12 large-12\"  >\n\t\t\t\t<div class=\"col-inner\"  >\n\t\t\t\n\t\t\t\n\n\t<div id=\"gap-1698413028\" class=\"gap-element clearfix\" style=\"display:block; height:auto;\">\n\t\t\n<style>\n#gap-1698413028 {\n  padding-top: 30px;\n}\n<\/style>\n\t<\/div>\n\t\n\n\t<div id=\"text-344051314\" class=\"text\">\n\t\t\n\n<h1 class=\"uppercase\" style=\"text-align: center;\">LI\u00caN H\u1ec6<\/h1>\n\t\t\n<style>\n#text-344051314 {\n  font-size: 2.25rem;\n}\n@media (min-width:550px) {\n  #text-344051314 {\n    font-size: 3rem;\n  }\n}\n<\/style>\n\t<\/div>\n\t\n\n\t\t<\/div>\n\t\t\t\t\t<\/div>\n\n\t\n\n<\/div>\n\n\t\t<\/div>\n\n\t\t\n<style>\n#section_1359615637 {\n  padding-top: 0px;\n  padding-bottom: 0px;\n  min-height: 350px;\n}\n#section_1359615637 .section-bg-overlay {\n  background-color: rgba(0, 0, 0, 0.6);\n}\n#section_1359615637 .section-bg.bg-loaded {\n  background-image: url(https:\/\/dinhnhatprod.com\/wp-content\/uploads\/2023\/07\/0730-Cover.jpg);\n}\n#section_1359615637 .section-bg {\n  background-position: 48% 37%;\n}\n@media (min-width:550px) {\n  #section_1359615637 {\n    min-height: 223px;\n  }\n}\n<\/style>\n\t<\/section>\n\t\n\t<section class=\"section dark\" id=\"section_1729172568\">\n\t\t<div class=\"bg section-bg fill bg-fill  bg-loaded\" >\n\n\t\t\t\n\t\t\t\n\t\t\t\n\n\t\t<\/div>\n\n\t\t<div class=\"section-content relative\">\n\t\t\t\n\n<div class=\"row row-large\" style=\"max-width:1300px\" id=\"row-1186330395\">\n\n\n\t<div id=\"col-198882889\" class=\"col medium-7 small-12 large-7\"  >\n\t\t\t\t<div class=\"col-inner text-center\"  >\n\t\t\t\n\t\t\t\n\n\n\t\t<div class=\"icon-box featured-box icon-box-top text-left\"  >\n\t\t\t\t\t<div class=\"icon-box-img\" style=\"width: 80px\">\n\t\t\t\t<div class=\"icon\">\n\t\t\t\t\t<div class=\"icon-inner\" >\n\t\t\t\t\t\t\t\t\t\t\t<\/div>\n\t\t\t\t<\/div>\n\t\t\t<\/div>\n\t\t\t\t<div class=\"icon-box-text last-reset\">\n\t\t\t\t\t\t\t\t\t\n\n\t<div id=\"text-3357733947\" class=\"text\">\n\t\t\n\n<p style=\"text-align: center;\">84i Nguy\u1ec5n \u0110\u00ecnh Chi\u1ec3u (H\u1ebbm C\u00e2y \u0110i\u1ec7p), \u0110aKao, Qu\u1eadn 1<\/p>\n<p style=\"text-align: center;\">260\/76A Phan Anh, Hi\u1ec7p T\u00e2n , T\u00e2n Ph\u00fa<\/p>\n<p style=\"text-align: center;\">435\/35 H\u01b0\u01a1ng L\u1ed9 3 B\u00ecnh T\u00e2n<\/p>\n<p style=\"text-align: center;\">24\/5 Th\u1ea1nh L\u1ed9c 47 , Khu Ph\u1ed1 2 , Qu\u1eadn 12<\/p>\n<p style=\"text-align: center;\">\u00a0<\/p>\n\t\t\n<style>\n#text-3357733947 {\n  font-size: 1.5rem;\n  text-align: center;\n}\n@media (min-width:550px) {\n  #text-3357733947 {\n    font-size: 1.25rem;\n  }\n}\n<\/style>\n\t<\/div>\n\t\n\n\t\t<\/div>\n\t<\/div>\n\t\n\t\n\n\t\t<\/div>\n\t\t\t\t\t<\/div>\n\n\t\n\n\t<div id=\"col-2074954539\" class=\"col medium-5 small-12 large-5\"  >\n\t\t\t\t<div class=\"col-inner text-center\"  >\n\t\t\t\n\t\t\t\n\n\n\t\t<div class=\"icon-box featured-box icon-box-top text-left\"  >\n\t\t\t\t\t<div class=\"icon-box-img\" style=\"width: 80px\">\n\t\t\t\t<div class=\"icon\">\n\t\t\t\t\t<div class=\"icon-inner\" >\n\t\t\t\t\t\t\t\t\t\t\t<\/div>\n\t\t\t\t<\/div>\n\t\t\t<\/div>\n\t\t\t\t<div class=\"icon-box-text last-reset\">\n\t\t\t\t\t\t\t\t\t\n\n\t<div id=\"text-2870336251\" class=\"text\">\n\t\t\n\n<p>QU\u1ea2N L\u00dd\u00a0<\/p>\n<p>\u0110\u00ccNH NH\u1eacT : 0363359775<\/p>\n\t\t\n<style>\n#text-2870336251 {\n  font-size: 1.5rem;\n  text-align: center;\n}\n@media (min-width:550px) {\n  #text-2870336251 {\n    font-size: 1.25rem;\n  }\n}\n<\/style>\n\t<\/div>\n\t\n\n\t\t<\/div>\n\t<\/div>\n\t\n\t\n\n\t\t<\/div>\n\t\t\t\t\t<\/div>\n\n\t\n\n<\/div>\n\n\t\t<\/div>\n\n\t\t\n<style>\n#section_1729172568 {\n  padding-top: 50px;\n  padding-bottom: 50px;\n  background-color: rgb(0,0,0);\n}\n<\/style>\n\t<\/section>\n\t\n\n","protected":false},"excerpt":{"rendered":"","protected":false},"author":1,"featured_media":0,"parent":0,"menu_order":0,"comment_status":"closed","ping_status":"closed","template":"","meta":{"footnotes":""},"class_list":["post-107","page","type-page","status-publish","hentry"],"_links":{"self":[{"href":"https:\/\/dinhnhatprod.com\/index.php?rest_route=\/wp\/v2\/pages\/107","targetHints":{"allow":["GET"]}}],"collection":[{"href":"https:\/\/dinhnhatprod.com\/index.php?rest_route=\/wp\/v2\/pages"}],"about":[{"href":"https:\/\/dinhnhatprod.com\/index.php?rest_route=\/wp\/v2\/types\/page"}],"author":[{"embeddable":true,"href":"https:\/\/dinhnhatprod.com\/index.php?rest_route=\/wp\/v2\/users\/1"}],"replies":[{"embeddable":true,"href":"https:\/\/dinhnhatprod.com\/index.php?rest_route=%2Fwp%2Fv2%2Fcomments&post=107"}],"version-history":[{"count":34,"href":"https:\/\/dinhnhatprod.com\/index.php?rest_route=\/wp\/v2\/pages\/107\/revisions"}],"predecessor-version":[{"id":686,"href":"https:\/\/dinhnhatprod.com\/index.php?rest_route=\/wp\/v2\/pages\/107\/revisions\/686"}],"wp:attachment":[{"href":"https:\/\/dinhnhatprod.com\/index.php?rest_route=%2Fwp%2Fv2%2Fmedia&parent=107"}],"curies":[{"name":"wp","href":"https:\/\/api.w.org\/{rel}","templated":true}]}}